{"id":1742,"date":"2015-07-24T15:55:00","date_gmt":"2015-07-24T15:55:00","guid":{"rendered":"http:\/\/www.yourguidetovicenza.com\/newinstall\/?page_id=1742"},"modified":"2018-11-29T10:44:20","modified_gmt":"2018-11-29T10:44:20","slug":"magic-vicenza-2","status":"publish","type":"page","link":"https:\/\/www.yourguidetovicenza.com\/newinstall\/magic-vicenza-2\/","title":{"rendered":"MAGICA VICENZA"},"content":{"rendered":"\n\n \n<div   class=\"inherit-width \"  style=\"\"> \t\n\t\t<div class=\"fw-row\">\n\t<div class=\"fw-col-xs-12\">\n\t\n\t<div class=\"fw-divider-space\" style=\"padding-top: 50px;\"><\/div>\n<\/div>\n<\/div>\n\n<div class=\"fw-row\">\n\t<div class=\"fw-col-xs-12\">\n\t\n\n\n\n<div style=\"\"> \n  <div>\n\n\t\t<h3 class=\"title-un-two\">Magica Vicenza, affascinante citt\u00e0 nel cuore del Veneto<\/h3>\n\t\t<p class=\"title-un-des-two\"> &quot;Non sapevo fosse cos\u00ec bella&quot;, dice spesso chi arriva a Vicenza per la prima volta. Citt\u00e0 UNESCO grazie ai capolavori dell&#039;architetto Andrea Palladio, Vicenza \u00e8 una vera perla nel cuore del Veneto, tutta da scoprire. Basilica Palladiana e Teatro Olimpico, palazzi palladiani e gotici, chiesa di Santa Corona e San Lorenzo, cortili, torri, mura medievali, Villa la Rotonda e Villa Valmarana ai Nani, il colle con il Santuario di Monte Berico e la terrazza  con vista sulla citt\u00e0: Vicenza \u00e8 un luogo a misura d&#039;uomo, ricco di storia, arte e sorprese. Il modo migliore per conoscerla fin negli angoli pi\u00f9 nascosti \u00e8 esplorarla a piedi, senza fretta.\n\n&quot; Lascio  a malincuore questo luogo, che tanto mi ha dato. Ah, se solo potessi passarvi qualche tempo insieme a te!&quot;  (J.W. Goethe a Charlotte von Stein, Diario di viaggio, 1786)<\/p>\n\t\t\n\t<\/div>\n<\/div>\n\n<\/div>\n<\/div>\n\n<div class=\"fw-row\">\n\t<div class=\"fw-col-xs-12 fw-col-sm-8\">\n\t\n\n\n<script>\njQuery(document).ready(function() {\n \"use strict\";\n  var owl = jQuery('#testimonials-69e499bcc1d82');\n \n  owl.owlCarousel({\n      navigation : false, \/\/ Show next and prev buttons\n      slideSpeed :1000,\n      autoPlay : 10000,\n      paginationSpeed : 2000,\n      singleItem:true,\n      pagination : false,\n  });\n \n  \/\/ Custom Navigation Events\n  jQuery(\".next\").click(function(){\n    owl.trigger('owl.next');\n  })\n  jQuery(\".prev\").click(function(){\n    owl.trigger('owl.prev');\n  })\n   \n});\n<\/script>\n\n<div style=\"\"> \n  <div>\n\n    <div class=\"single-port-slide\">\n      <div id=\"testimonials-69e499bcc1d82\"  class=\"owl-carousel owl-theme\">\n                  <div class=\"item\"><img src=\"\/\/www.yourguidetovicenza.com\/newinstall\/wp-content\/uploads\/2015\/07\/magicvicenza_basilica.jpg\" alt=\"basilica\"\/><\/div>    \n                  <div class=\"item\"><img src=\"\/\/www.yourguidetovicenza.com\/newinstall\/wp-content\/uploads\/2015\/07\/magicvicenza2.jpg\" alt=\"\"\/><\/div>    \n                  <div class=\"item\"><img src=\"\/\/www.yourguidetovicenza.com\/newinstall\/wp-content\/uploads\/2015\/07\/Araceli.jpg\" alt=\"Baroque Church Araceli\"\/><\/div>    \n                  <div class=\"item\"><img src=\"\/\/www.yourguidetovicenza.com\/newinstall\/wp-content\/uploads\/2015\/07\/teatro_olimpico.jpg\" alt=\"Teatro Olimpico\"\/><\/div>    \n                  <div class=\"item\"><img src=\"\/\/www.yourguidetovicenza.com\/newinstall\/wp-content\/uploads\/2015\/07\/particolare_basilica.jpg\" alt=\"\u201cSerliana\u201d elements (Palladio\u2019s Basilica)\"\/><\/div>    \n              <\/div>\n      <div class=\"single-port-nav\">\n          <a class=\"prev\"><i class=\"fa fa-chevron-left\"><\/i> <\/a>\n          <a class=\"next\"><i class=\"fa fa-chevron-right\"><\/i><\/a>\n      <\/div>\n    <\/div> \n  <\/div>\n<\/div>\n\n                 \n<\/div>\n<div class=\"fw-col-xs-12 fw-col-sm-4\">\n\t\n\n\n<script>\njQuery(document).ready(function() {\n \"use strict\";\n  var owl = jQuery('#testimonials-69e499bcc2410');\n \n  owl.owlCarousel({\n      navigation : false, \/\/ Show next and prev buttons\n      slideSpeed :1000,\n      autoPlay : 10000,\n      paginationSpeed : 2000,\n      singleItem:true,\n      pagination : false,\n  });\n \n  \/\/ Custom Navigation Events\n  jQuery(\".next\").click(function(){\n    owl.trigger('owl.next');\n  })\n  jQuery(\".prev\").click(function(){\n    owl.trigger('owl.prev');\n  })\n   \n});\n<\/script>\n\n<div style=\"\"> \n  <div>\n\n    <div class=\"single-port-slide\">\n      <div id=\"testimonials-69e499bcc2410\"  class=\"owl-carousel owl-theme\">\n                  <div class=\"item\"><img src=\"\/\/www.yourguidetovicenza.com\/newinstall\/wp-content\/uploads\/2015\/07\/basilica_notte.jpg\" alt=\"Palladio&#039;s Basilica by Night\"\/><\/div>    \n                  <div class=\"item\"><img src=\"\/\/www.yourguidetovicenza.com\/newinstall\/wp-content\/uploads\/2015\/07\/piazzadeisignori.jpg\" alt=\"Piazza dei Signori\"\/><\/div>    \n              <\/div>\n      <div class=\"single-port-nav\">\n          <a class=\"prev\"><i class=\"fa fa-chevron-left\"><\/i> <\/a>\n          <a class=\"next\"><i class=\"fa fa-chevron-right\"><\/i><\/a>\n      <\/div>\n    <\/div> \n  <\/div>\n<\/div>\n\n                 \n<\/div>\n<\/div>\n\n<div class=\"fw-row\">\n\t<div class=\"fw-col-xs-12\">\n\t\n\t<div class=\"fw-divider-space\" style=\"padding-top: 15px;\"><\/div>\n<\/div>\n<\/div>\n\n<div class=\"fw-row\">\n\t<div class=\"fw-col-xs-12\">\n\t\n<p style=\"text-align: right;\"><em>Foto di Anna M. Rossi<\/em><\/p>\n<\/div>\n<\/div>\n\n<div class=\"fw-row\">\n\t<div class=\"fw-col-xs-12\">\n\t\n\t<div class=\"fw-divider-space\" style=\"padding-top: 50px;\"><\/div>\n<\/div>\n<\/div>\n\n<\/div>\n","protected":false},"excerpt":{"rendered":"<p>Magica Vicenza, affascinante citt\u00e0 nel cuore del Veneto &quot;Non sapevo fosse cos\u00ec bella&quot;, dice spesso chi arriva a Vicenza per la prima volta. Citt\u00e0 UNESCO grazie ai capolavori dell&#039;architetto Andrea Palladio, Vicenza \u00e8 una vera perla nel cuore del Veneto, tutta da scoprire. Basilica Palladiana e Teatro Olimpico, palazzi palladiani e gotici, chiesa di Santa [&hellip;]<\/p>\n","protected":false},"author":1,"featured_media":0,"parent":0,"menu_order":0,"comment_status":"closed","ping_status":"closed","template":"full-width.php","meta":[],"_links":{"self":[{"href":"https:\/\/www.yourguidetovicenza.com\/newinstall\/wp-json\/wp\/v2\/pages\/1742"}],"collection":[{"href":"https:\/\/www.yourguidetovicenza.com\/newinstall\/wp-json\/wp\/v2\/pages"}],"about":[{"href":"https:\/\/www.yourguidetovicenza.com\/newinstall\/wp-json\/wp\/v2\/types\/page"}],"author":[{"embeddable":true,"href":"https:\/\/www.yourguidetovicenza.com\/newinstall\/wp-json\/wp\/v2\/users\/1"}],"replies":[{"embeddable":true,"href":"https:\/\/www.yourguidetovicenza.com\/newinstall\/wp-json\/wp\/v2\/comments?post=1742"}],"version-history":[{"count":5,"href":"https:\/\/www.yourguidetovicenza.com\/newinstall\/wp-json\/wp\/v2\/pages\/1742\/revisions"}],"predecessor-version":[{"id":3680,"href":"https:\/\/www.yourguidetovicenza.com\/newinstall\/wp-json\/wp\/v2\/pages\/1742\/revisions\/3680"}],"wp:attachment":[{"href":"https:\/\/www.yourguidetovicenza.com\/newinstall\/wp-json\/wp\/v2\/media?parent=1742"}],"curies":[{"name":"wp","href":"https:\/\/api.w.org\/{rel}","templated":true}]}}