{"id":1750,"date":"2015-07-24T15:59:15","date_gmt":"2015-07-24T15:59:15","guid":{"rendered":"http:\/\/www.yourguidetovicenza.com\/newinstall\/?page_id=1750"},"modified":"2018-11-29T15:42:58","modified_gmt":"2018-11-29T15:42:58","slug":"itineraries","status":"publish","type":"page","link":"https:\/\/www.yourguidetovicenza.com\/newinstall\/itineraries\/","title":{"rendered":"ITINERARI"},"content":{"rendered":"\n\n \n<div   class=\"inherit-width \"  style=\"\"> \t\n\t\t<div class=\"fw-row\">\n\t<div class=\"fw-col-xs-12\">\n\t\n\t<div class=\"fw-divider-space\" style=\"padding-top: 50px;\"><\/div>\n<\/div>\n<\/div>\n\n<div class=\"fw-row\">\n\t<div class=\"fw-col-xs-12\">\n\t\n\n\n<div style=\"\"> \n\n      \t          <div class=\"classic-portfolio col-4-portfolio portfolio\">\n                        <div class=\"project-item\">\n                                               <div class=\"project-image\">\n                 <a href=\"https:\/\/www.yourguidetovicenza.com\/newinstall\/portfolio_item\/vicenza-palladiana-i-palazzi-il-teatro-olimpico\/\">\n                  <img src=\"https:\/\/www.yourguidetovicenza.com\/newinstall\/wp-content\/uploads\/2015\/11\/palazzo-chiericati-562x381.jpg\" alt=\"\"\/>\n                    <div class=\"overlay\">\n                    <\/div>\n                 <\/a> \n                <\/div>\n                                <div class=\"project-info\">\n                                    <ul class=\"project-cat\">\n                    \n                    <li><a href=\"https:\/\/www.yourguidetovicenza.com\/newinstall\/portfolio_categories\/vicenza\/\"> VICENZA<\/a><\/li>                  <\/ul>\n                                    <h4><a href=\"https:\/\/www.yourguidetovicenza.com\/newinstall\/portfolio_item\/vicenza-palladiana-i-palazzi-il-teatro-olimpico\/\">Vicenza palladiana: i palazzi, il Teatro Olimpico<\/a><\/h4>\n\n                    <p>Tour classico alla scoperta dell\u2019armonia palladiana, tra piazze e palazzi del centro storico, tra cui la Basilica Palladiana, Palazzo Chiericati, Palazzo Valmarana, Palazzo Barbaran da Porto\u2026<\/p>\n                <\/div>\n              <\/div>\n                            <div class=\"project-item\">\n                                               <div class=\"project-image\">\n                 <a href=\"https:\/\/www.yourguidetovicenza.com\/newinstall\/portfolio_item\/vicenza-e-monte-berico\/\">\n                  <img src=\"https:\/\/www.yourguidetovicenza.com\/newinstall\/wp-content\/uploads\/2015\/11\/preview_monteberico-562x381.jpg\" alt=\"\"\/>\n                    <div class=\"overlay\">\n                    <\/div>\n                 <\/a> \n                <\/div>\n                                <div class=\"project-info\">\n                                    <ul class=\"project-cat\">\n                    \n                    <li><a href=\"https:\/\/www.yourguidetovicenza.com\/newinstall\/portfolio_categories\/vicenza\/\"> VICENZA<\/a><\/li>                  <\/ul>\n                                    <h4><a href=\"https:\/\/www.yourguidetovicenza.com\/newinstall\/portfolio_item\/vicenza-e-monte-berico\/\">Vicenza e Monte Berico<\/a><\/h4>\n\n                    <p>In modalit\u00e0 \u201ctrekking urbano\u201d o con automezzi. Visita alla collina tanto cara a Vicenza, teatro di apparizioni mariane, una sanguinosa battaglia risorgimentale e di commemorazioni solenni: il Santuario, i portici di Francesco Muttoni, Piazzale della Vittoria e (volendo) il Museo del Risorgimento.<\/p>\n                <\/div>\n              <\/div>\n                            <div class=\"project-item\">\n                                               <div class=\"project-image\">\n                 <a href=\"https:\/\/www.yourguidetovicenza.com\/newinstall\/portfolio_item\/vicenza-gotica\/\">\n                  <img src=\"https:\/\/www.yourguidetovicenza.com\/newinstall\/wp-content\/uploads\/2015\/11\/preview_san_lorenzo-562x381.jpg\" alt=\"\"\/>\n                    <div class=\"overlay\">\n                    <\/div>\n                 <\/a> \n                <\/div>\n                                <div class=\"project-info\">\n                                    <ul class=\"project-cat\">\n                    \n                    <li><a href=\"https:\/\/www.yourguidetovicenza.com\/newinstall\/portfolio_categories\/vicenza\/\"> VICENZA<\/a><\/li>                  <\/ul>\n                                    <h4><a href=\"https:\/\/www.yourguidetovicenza.com\/newinstall\/portfolio_item\/vicenza-gotica\/\">Vicenza gotica<\/a><\/h4>\n\n                    <p>Vicenza non \u00e8 solo \u201ccitt\u00e0 del Palladio\u201d: i secoli precedenti hanno lasciato l\u2019impronta sull\u2019immagine cittadina, regalandoci meravigliose testimonianze architettoniche, tra cui le chiese gotiche di San Lorenzo e Santa Corona e gli splendidi palazzi realizzati in stile veneziano, ovvero gotico fiorito.<\/p>\n                <\/div>\n              <\/div>\n                            <div class=\"project-item\">\n                                               <div class=\"project-image\">\n                 <a href=\"https:\/\/www.yourguidetovicenza.com\/newinstall\/portfolio_item\/vicenza-e-lacqua-i-ponti-i-fiumi\/\">\n                  <img src=\"https:\/\/www.yourguidetovicenza.com\/newinstall\/wp-content\/uploads\/2015\/11\/ponti_preview-562x381.jpg\" alt=\"\"\/>\n                    <div class=\"overlay\">\n                    <\/div>\n                 <\/a> \n                <\/div>\n                                <div class=\"project-info\">\n                                    <ul class=\"project-cat\">\n                    \n                    <li><a href=\"https:\/\/www.yourguidetovicenza.com\/newinstall\/portfolio_categories\/vicenza\/\"> VICENZA<\/a><\/li>                  <\/ul>\n                                    <h4><a href=\"https:\/\/www.yourguidetovicenza.com\/newinstall\/portfolio_item\/vicenza-e-lacqua-i-ponti-i-fiumi\/\">Vicenza e l\u2019acqua: i ponti, i fiumi<\/a><\/h4>\n\n                    <p>Itinerario insolito in modalit\u00e0 \u201ctrekking urbano\u201d per chi sia gi\u00e0 stato a Vicenza e desideri scoprire angoli pittoreschi che solitamente rimangono nascosti.\u00a0Scarpe comode.<\/p>\n                <\/div>\n              <\/div>\n                            <div class=\"project-item\">\n                                               <div class=\"project-image\">\n                 <a href=\"https:\/\/www.yourguidetovicenza.com\/newinstall\/portfolio_item\/le-ville-nei-dintorni-di-vicenza\/\">\n                  <img src=\"https:\/\/www.yourguidetovicenza.com\/newinstall\/wp-content\/uploads\/2015\/11\/rotonda-562x381.jpg\" alt=\"\"\/>\n                    <div class=\"overlay\">\n                    <\/div>\n                 <\/a> \n                <\/div>\n                                <div class=\"project-info\">\n                                    <ul class=\"project-cat\">\n                    \n                    <li><a href=\"https:\/\/www.yourguidetovicenza.com\/newinstall\/portfolio_categories\/ville\/\"> VILLE<\/a><\/li>                  <\/ul>\n                                    <h4><a href=\"https:\/\/www.yourguidetovicenza.com\/newinstall\/portfolio_item\/le-ville-nei-dintorni-di-vicenza\/\">Le ville nei dintorni di Vicenza<\/a><\/h4>\n\n                    <p>Tour 1 \u2013 Itinerario palladiano: Villa Caldogno, Valmarana Bressan, Gazzotti, Valmarana, Thiene (abbinabile a Vicenza). Tour alla scoperta delle ville palladiane nelle immediate vicinanze di Vicenza che rispecchiano la funzione primaria della villa veneta, che con Palladio nel XVI secolo raggiunge il culmine di armonia abbinata a funzionalit\u00e0: la villa \u00e8 innanzitutto centro dell\u2019azienda agricola. Villa Caldogno e Villa Valmarana Bressan sono visitabili all\u2019interno. Su richiesta degustazione con prodotti locali tipici.<\/p>\n<p>Tour 2 \u2013 Capolavori architettonici e pittorici: Villa la Rotonda, unicum palladiano alle porte di Vicenza, e Villa Valmarana ai Nani, edificio di epoca pi\u00f9 tarda, che racchiude un ricco ciclo di affreschi opera di G.B. Tiepolo e il figlio Giandomenico (abbinabile a visita Vicenza)<\/p>\n<p>Tour 3- Itinerario palladiano: Villa Emo e Villa Barbaro: due gioielli palladiani situati nella Marca trevigiana; eleganti affreschi per gli interni (Paolo Veronese, G.B. Zelotti), magica cornice paesaggistica all\u2019interno. (abbinabile a visita Bassano)<\/p>\n                <\/div>\n              <\/div>\n                            <div class=\"project-item\">\n                                               <div class=\"project-image\">\n                 <a href=\"https:\/\/www.yourguidetovicenza.com\/newinstall\/portfolio_item\/altre-ville-nei-pressi-di-vicenza\/\">\n                  <img src=\"https:\/\/www.yourguidetovicenza.com\/newinstall\/wp-content\/uploads\/2015\/11\/villa_godi-562x381.jpg\" alt=\"\"\/>\n                    <div class=\"overlay\">\n                    <\/div>\n                 <\/a> \n                <\/div>\n                                <div class=\"project-info\">\n                                    <ul class=\"project-cat\">\n                    \n                    <li><a href=\"https:\/\/www.yourguidetovicenza.com\/newinstall\/portfolio_categories\/ville\/\"> VILLE<\/a><\/li>                  <\/ul>\n                                    <h4><a href=\"https:\/\/www.yourguidetovicenza.com\/newinstall\/portfolio_item\/altre-ville-nei-pressi-di-vicenza\/\">Altre ville nei pressi di Vicenza<\/a><\/h4>\n\n                    <p>Villa Godi Malinverni (abbinabile a Marostica-Bassano): prima villa progettata da Andrea Palladio, precedente al viaggio a Roma effettuato con Giangiorgio Trissino, viaggio che vedr\u00e0 l\u2019architetto formarsi ai modelli dell\u2019architettura romana antica. La posizione della villa \u00e8 magica, la disposizione delle stanze gi\u00e0 rispecchia la pianta che Palladio riprender\u00e0 in progetti successivi, rifacendosi al modello veneto del \u201cportego\u201d.<\/p>\n<p>Castello di Thiene (abbinabile a Villa Godi Malinverni)<\/p>\n<p>Villa Contarini Camerini e l\u2019affascinante storia industriale di Piazzola sul Brenta (abbinabile a Vicenza o Bassano). Eretta a partire dal \u2018500 sulle fondamenta di un preesistente castello, Villa Contarini per volere della nobile famiglia Contarini viene ampliata nel corso del \u2018600 assomigliando sempre pi\u00f9 a una reggia. Notevole lo sviluppo delle ali pari a 180 metri. La famiglia Camerini che acquista il complesso a met\u00e0 \u2018800 proseguir\u00e0 i lavori di ampliamento e facendo di Piazzola un importante centro industriale. Tante storie tutte da scoprire.<\/p>\n<p>Villa Cordellina, Montecchio Maggiore (abbinabile a Vicenza)<\/p>\n<p>L\u2019austera e tanto armoniosa Villa Pojana di Andrea Palladio (e villa Saraceno dall\u2019esterno) e Montagnana, famosa per l\u2019ottimo prosciutto crudo, con villa Pisani e visita al centro storico.<\/p>\n                <\/div>\n              <\/div>\n                            <div class=\"project-item\">\n                                               <div class=\"project-image\">\n                 <a href=\"https:\/\/www.yourguidetovicenza.com\/newinstall\/portfolio_item\/thiene-marostica-e-bassano-del-grappa\/\">\n                  <img src=\"https:\/\/www.yourguidetovicenza.com\/newinstall\/wp-content\/uploads\/2015\/11\/bassano-562x381.jpg\" alt=\"\"\/>\n                    <div class=\"overlay\">\n                    <\/div>\n                 <\/a> \n                <\/div>\n                                <div class=\"project-info\">\n                                    <ul class=\"project-cat\">\n                    \n                    <li><a href=\"https:\/\/www.yourguidetovicenza.com\/newinstall\/portfolio_categories\/antichi-borghi-antiche-mura\/\"> ANTICHI BORGHI ANTICHE MURA<\/a><\/li>                  <\/ul>\n                                    <h4><a href=\"https:\/\/www.yourguidetovicenza.com\/newinstall\/portfolio_item\/thiene-marostica-e-bassano-del-grappa\/\">Thiene, Marostica e Bassano del Grappa<\/a><\/h4>\n\n                    <p>Il castello di Thiene, splendido esempio di residenza gotica pre-palladiana con cinta muraria; Marostica citt\u00e0 dalle mura erette dagli Scaligeri, con il Castello Inferiore e Superiore, famosa per la partita a scacchi giocata ogni due anni con figure viventi sulla piazza principale, nel corso di una suggestiva rievocazione storica; Bassano del Grappa con il suo impianto medievale, le torri e il castello di Ezzelino, luogo ideale per chiudere un suggestivo tour, sorseggiando sul ponte una grappa o l\u2019aperitivo amato dagli abitanti, il \u201cmeso e meso\u201d.<\/p>\n                <\/div>\n              <\/div>\n                            <div class=\"project-item\">\n                                               <div class=\"project-image\">\n                 <a href=\"https:\/\/www.yourguidetovicenza.com\/newinstall\/portfolio_item\/i-luoghi-della-grande-guerra\/\">\n                  <img src=\"https:\/\/www.yourguidetovicenza.com\/newinstall\/wp-content\/uploads\/2015\/11\/grande_guerra-562x381.jpg\" alt=\"\"\/>\n                    <div class=\"overlay\">\n                    <\/div>\n                 <\/a> \n                <\/div>\n                                <div class=\"project-info\">\n                                    <ul class=\"project-cat\">\n                    \n                    <li><a href=\"https:\/\/www.yourguidetovicenza.com\/newinstall\/portfolio_categories\/grande-guerra\/\"> GRANDE GUERRA<\/a><\/li>                  <\/ul>\n                                    <h4><a href=\"https:\/\/www.yourguidetovicenza.com\/newinstall\/portfolio_item\/i-luoghi-della-grande-guerra\/\">I LUOGHI DELLA GRANDE GUERRA<\/a><\/h4>\n\n                    <p><strong>Tonezza del Cimone<\/strong>: luogo di villeggiatura dello scrittore Antonio Fogazzaro, teatro di guerra nel primo conflitto mondiale. Il sentiero fogazzariano offre una facile ma affascinante passeggiata, modulabile nella lunghezza grazie alla fitta rete di sentieri che collegano le contrade di Tonezza (primavera, estate, autunno); visita al sacrario del Cimone, luogo dove esplose la mina che distrusse la cima a lungo contesa tra truppe austriache e italiane. Tonezza significa anche gnocchi fatti in casa e altre specialit\u00e0 a base di patate, tutte da gustare.<\/p>\n<p><strong>Asiago<\/strong>: Visita al sacrario militare Leiten e ai cimiteri di guerra britannici presenti sull\u2019Altipiano (abbinabile a ville dell\u2019Alto Vicentino)<\/p>\n<p><strong>Monte Grappa<\/strong>: zona monumentale (abbinabile a Bassano e\/o Museo Hemingway)<\/p>\n<p>Visite abbinabili a degustazioni di prodotti locali o ristorazione<\/p>\n                <\/div>\n              <\/div>\n                                      <\/div>   \t\n        <div class=\"align-center\"> \n          <a class=\"button\" href=\"#\">\n            Altri itinerari          <\/a> \n        <\/div> \n\t \n  \n<\/div><\/div>\n<\/div>\n\n<\/div>\n","protected":false},"excerpt":{"rendered":"<p>Tonezza del Cimone: luogo di villeggiatura dello scrittore Antonio Fogazzaro, teatro di guerra nel primo conflitto mondiale. Il sentiero fogazzariano offre una facile ma affascinante passeggiata, modulabile nella lunghezza grazie alla fitta rete di sentieri che collegano le contrade di Tonezza (primavera, estate, autunno); visita al sacrario del Cimone, luogo dove esplose la mina che [&hellip;]<\/p>\n","protected":false},"author":1,"featured_media":0,"parent":0,"menu_order":0,"comment_status":"closed","ping_status":"closed","template":"full-width.php","meta":[],"_links":{"self":[{"href":"https:\/\/www.yourguidetovicenza.com\/newinstall\/wp-json\/wp\/v2\/pages\/1750"}],"collection":[{"href":"https:\/\/www.yourguidetovicenza.com\/newinstall\/wp-json\/wp\/v2\/pages"}],"about":[{"href":"https:\/\/www.yourguidetovicenza.com\/newinstall\/wp-json\/wp\/v2\/types\/page"}],"author":[{"embeddable":true,"href":"https:\/\/www.yourguidetovicenza.com\/newinstall\/wp-json\/wp\/v2\/users\/1"}],"replies":[{"embeddable":true,"href":"https:\/\/www.yourguidetovicenza.com\/newinstall\/wp-json\/wp\/v2\/comments?post=1750"}],"version-history":[{"count":5,"href":"https:\/\/www.yourguidetovicenza.com\/newinstall\/wp-json\/wp\/v2\/pages\/1750\/revisions"}],"predecessor-version":[{"id":3703,"href":"https:\/\/www.yourguidetovicenza.com\/newinstall\/wp-json\/wp\/v2\/pages\/1750\/revisions\/3703"}],"wp:attachment":[{"href":"https:\/\/www.yourguidetovicenza.com\/newinstall\/wp-json\/wp\/v2\/media?parent=1750"}],"curies":[{"name":"wp","href":"https:\/\/api.w.org\/{rel}","templated":true}]}}